{"id":44,"date":"2019-10-31T09:51:28","date_gmt":"2019-10-31T08:51:28","guid":{"rendered":"https:\/\/www.demo.cosmoswp.com\/demo-9\/?page_id=54"},"modified":"2025-05-07T09:39:14","modified_gmt":"2025-05-07T07:39:14","slug":"konzept","status":"publish","type":"page","link":"https:\/\/www.rgs-seipp.de\/web\/konzept\/","title":{"rendered":"Konzept"},"content":{"rendered":"\n<div id=\"section-gf4f506\" class=\"wp-block-gutentor-e6 section-gf4f506 gutentor-element gutentor-element-image\"><div class=\"gutentor-element-image-box\"><div class=\"gutentor-bg-image\"><\/div><\/div><\/div>\n\n\n\n<section id=\"gma1c4610\" class=\"wp-block-gutentor-m4 section-gma1c4610 gutentor-module gutentor-advanced-columns has-image-bg has-custom-bg\"><div class=\"grid-container\"><div class=\"grid-row\">\n<div id=\"col-gm396a66\" class=\"wp-block-gutentor-m4-col col-gm396a66 gutentor-single-column  grid-lg-12 grid-md-12 grid-12\"><div id=\"section-gm396a66\" class=\"section-gm396a66 gutentor-col-wrap\">\n<div id=\"section-g41735d\" class=\"wp-block-gutentor-e1 section-g41735d gutentor-element gutentor-element-advanced-text\"><div class=\"gutentor-text-wrap\"><h2 class=\"gutentor-text\"><strong>Ihr ma\u00dfgeschneidertes Reinigungskonzept<\/strong><\/h2><\/div><\/div>\n\n\n\n<div id=\"section-g412e89\" class=\"wp-block-gutentor-e1 section-g412e89 gutentor-element gutentor-element-advanced-text\"><div class=\"gutentor-text-wrap\"><p class=\"gutentor-text\">Nach einer ersten Objektbegehung bei Ihnen vor Ort sowie der Erstellung einer pers\u00f6nlichen Bedarfsanlayse, erarbeiten wir f\u00fcr Sie und mit Ihnen gemeinsam ein<strong> <\/strong>individuelles &#8211; auf Ihr Unternehmen zugeschnittenes &#8211; Angebot und Reinigungskonzept.<\/p><\/div><\/div>\n\n\n\n<div id=\"section-g375570\" class=\"wp-block-gutentor-e1 section-g375570 gutentor-element gutentor-element-advanced-text\"><div class=\"gutentor-text-wrap\"><h3 class=\"gutentor-text\">Ausgereifte Prozesse sorgen f\u00fcr eine optimale Servicequalit\u00e4t<\/h3><\/div><\/div>\n\n\n\n<div id=\"section-g27c3b3\" class=\"wp-block-gutentor-e1 section-g27c3b3 gutentor-element gutentor-element-advanced-text\"><div class=\"gutentor-text-wrap\"><p class=\"gutentor-text\">Objektbezogen werden eigene Arbeitsgruppen eingesetzt. Abh\u00e4ngig vom Arbeitsaufkommen werden diese von  Reinigungskr\u00e4ften, die am Standort Dietzenbach f\u00fcr Sondert\u00e4tigkeiten stationiert sind, unterst\u00fctzt.<\/p><\/div><\/div>\n\n\n\n<div id=\"section-g9c8de6\" class=\"wp-block-gutentor-e1 section-g9c8de6 gutentor-element gutentor-element-advanced-text\"><div class=\"gutentor-text-wrap\"><h3 class=\"gutentor-text\">Unsere Fachkompetenz zeichnet sich aus durch<\/h3><\/div><\/div>\n\n\n\n<div id=\"section-g3e28f7\" class=\"wp-block-gutentor-e7 section-g3e28f7 gutentor-element gutentor-element-list\"><ul class=\"grid-row gutentor-grid-item-wrap list-indicator-icon\"><li class=\"gutentor-list-item grid-lg-12 grid-md-12 grid-12\"><span class=\"gutentor-single-item gutentor-single-item-0\"><span class=\"gutentor-list-item-wrap g-s-list-wrap\"><span class=\"gutentor-single-list-item-icon\"><i class=\"list-item-icon fas fa-check\"><\/i><\/span><span class=\"gutentor-list-item\"><p class=\"gutentor-single-item-title\">objektbezogenen Personaleinsatz<\/p><\/span><\/span><\/span><\/li><li class=\"gutentor-list-item grid-lg-12 grid-md-12 grid-12\"><span class=\"gutentor-single-item gutentor-single-item-1\"><span class=\"gutentor-list-item-wrap g-s-list-wrap\"><span class=\"gutentor-single-list-item-icon\"><i class=\"list-item-icon fas fa-check\"><\/i><\/span><span class=\"gutentor-list-item\"><p class=\"gutentor-single-item-title\">regelm\u00e4\u00dfige Schulung im Objekt<\/p><\/span><\/span><\/span><\/li><li class=\"gutentor-list-item grid-lg-12 grid-md-12 grid-12\"><span class=\"gutentor-single-item gutentor-single-item-2\"><span class=\"gutentor-list-item-wrap g-s-list-wrap\"><span class=\"gutentor-single-list-item-icon\"><i class=\"list-item-icon fas fa-check\"><\/i><\/span><span class=\"gutentor-list-item\"><p class=\"gutentor-single-item-title\">farbcodierte Reinigungssysteme<\/p><\/span><\/span><\/span><\/li><li class=\"gutentor-list-item grid-lg-12 grid-md-12 grid-12\"><span class=\"gutentor-single-item gutentor-single-item-3\"><span class=\"gutentor-list-item-wrap g-s-list-wrap\"><span class=\"gutentor-single-list-item-icon\"><i class=\"list-item-icon fas fa-check\"><\/i><\/span><span class=\"gutentor-list-item\"><p class=\"gutentor-single-item-title\">umweltfreundliche Reinigungschemie<\/p><\/span><\/span><\/span><\/li><li class=\"gutentor-list-item grid-lg-12 grid-md-12 grid-12\"><span class=\"gutentor-single-item gutentor-single-item-4\"><span class=\"gutentor-list-item-wrap g-s-list-wrap\"><span class=\"gutentor-single-list-item-icon\"><i class=\"list-item-icon fas fa-check\"><\/i><\/span><span class=\"gutentor-list-item\"><p class=\"gutentor-single-item-title\">moderne Reinigungstechnik<\/p><\/span><\/span><\/span><\/li><li class=\"gutentor-list-item grid-lg-12 grid-md-12 grid-12\"><span class=\"gutentor-single-item gutentor-single-item-5\"><span class=\"gutentor-list-item-wrap g-s-list-wrap\"><span class=\"gutentor-single-list-item-icon\"><i class=\"list-item-icon fas fa-check\"><\/i><\/span><span class=\"gutentor-list-item\"><p class=\"gutentor-single-item-title\">klar definierte Objektstruktur-\/Organisation<\/p><\/span><\/span><\/span><\/li><li class=\"gutentor-list-item grid-lg-12 grid-md-12 grid-12\"><span class=\"gutentor-single-item gutentor-single-item-6\"><span class=\"gutentor-list-item-wrap g-s-list-wrap\"><span class=\"gutentor-single-list-item-icon\"><i class=\"list-item-icon fas fa-check\"><\/i><\/span><span class=\"gutentor-list-item\"><p class=\"gutentor-single-item-title\">\u00fcberschneidende T\u00e4tigkeitsfeldern<\/p><\/span><\/span><\/span><\/li><\/ul><\/div>\n\n\n\n<section id=\"gmbfed669\" class=\"wp-block-gutentor-m4 section-gmbfed669 gutentor-module gutentor-advanced-columns\"><div class=\"grid-container\"><div class=\"grid-row\">\n<div id=\"col-gm2f6a97\" class=\"wp-block-gutentor-m4-col col-gm2f6a97 gutentor-single-column  grid-lg-6 grid-md-12 grid-12\"><div id=\"section-gm2f6a97\" class=\"section-gm2f6a97 gutentor-col-wrap\">\n<div id=\"section-gd76933\" class=\"wp-block-gutentor-e6 section-gd76933 gutentor-element gutentor-element-image\"><div class=\"gutentor-element-image-box\"><div class=\"gutentor-image-thumb\"><img decoding=\"async\" class=\"normal-image\" src=\"https:\/\/www.rgs-seipp.de\/web\/wp-content\/uploads\/2023\/03\/implementierung-1.gif\"\/><\/div><\/div><\/div>\n<\/div><\/div>\n\n\n\n<div id=\"col-gm96b03b\" class=\"wp-block-gutentor-m4-col col-gm96b03b gutentor-single-column  grid-lg-6 grid-md-12 grid-12\"><div id=\"section-gm96b03b\" class=\"section-gm96b03b gutentor-col-wrap\">\n<div id=\"section-g7058b7\" class=\"wp-block-gutentor-e1 section-g7058b7 gutentor-element gutentor-element-advanced-text\"><div class=\"gutentor-text-wrap\"><h3 class=\"gutentor-text\">Sie w\u00fcnschen eine Beratung?<\/h3><\/div><\/div>\n\n\n\n<div id=\"section-gbecf17\" class=\"wp-block-gutentor-e1 section-gbecf17 gutentor-element gutentor-element-advanced-text\"><div class=\"gutentor-text-wrap\"><p class=\"gutentor-text\">Senden Sie uns eine Nachricht und wir werden uns in K\u00fcrze mit Ihnen in Verbindung setzen.<\/p><\/div><\/div>\n\n\n\n<div id=\"section-g32ce2e\" class=\"wp-block-gutentor-e2 section-g32ce2e gutentor-element gutentor-element-button\"><span class=\"gutentor-button-wrap\"><a class=\"gutentor-button gutentor-block-button gutentor-icon-hide\" href=\"https:\/\/www.rgs-seipp.de#termin\"><i class=\"gutentor-button-icon fas fa-book\"><\/i><span>BERATUNG \/ TERMIN<\/span><\/a><\/span><\/div>\n<\/div><\/div>\n<\/div><\/div><\/section>\n<\/div><\/div>\n<\/div><\/div><\/section>\n","protected":false},"excerpt":{"rendered":"","protected":false},"author":1,"featured_media":0,"parent":0,"menu_order":0,"comment_status":"closed","ping_status":"closed","template":"template-gutentor-full-width.php","meta":{"footnotes":""},"class_list":["post-44","page","type-page","status-publish","hentry"],"_links":{"self":[{"href":"https:\/\/www.rgs-seipp.de\/web\/wp-json\/wp\/v2\/pages\/44","targetHints":{"allow":["GET"]}}],"collection":[{"href":"https:\/\/www.rgs-seipp.de\/web\/wp-json\/wp\/v2\/pages"}],"about":[{"href":"https:\/\/www.rgs-seipp.de\/web\/wp-json\/wp\/v2\/types\/page"}],"author":[{"embeddable":true,"href":"https:\/\/www.rgs-seipp.de\/web\/wp-json\/wp\/v2\/users\/1"}],"replies":[{"embeddable":true,"href":"https:\/\/www.rgs-seipp.de\/web\/wp-json\/wp\/v2\/comments?post=44"}],"version-history":[{"count":63,"href":"https:\/\/www.rgs-seipp.de\/web\/wp-json\/wp\/v2\/pages\/44\/revisions"}],"predecessor-version":[{"id":1326,"href":"https:\/\/www.rgs-seipp.de\/web\/wp-json\/wp\/v2\/pages\/44\/revisions\/1326"}],"wp:attachment":[{"href":"https:\/\/www.rgs-seipp.de\/web\/wp-json\/wp\/v2\/media?parent=44"}],"curies":[{"name":"wp","href":"https:\/\/api.w.org\/{rel}","templated":true}]}}