{"id":46,"date":"2019-10-31T09:51:11","date_gmt":"2019-10-31T08:51:11","guid":{"rendered":"https:\/\/www.demo.cosmoswp.com\/demo-9\/?page_id=52"},"modified":"2025-03-28T18:06:51","modified_gmt":"2025-03-28T17:06:51","slug":"leistungen","status":"publish","type":"page","link":"https:\/\/www.rgs-seipp.de\/web\/leistungen\/","title":{"rendered":"Leistungen"},"content":{"rendered":"\n<div id=\"section-gb88da6\" class=\"wp-block-gutentor-e6 section-gb88da6 gutentor-element gutentor-element-image\"><div class=\"gutentor-element-image-box\"><div class=\"gutentor-bg-image\"><\/div><\/div><\/div>\n\n\n\n<section id=\"gm56c4ee6\" class=\"wp-block-gutentor-m4 section-gm56c4ee6 gutentor-module gutentor-advanced-columns has-image-bg has-custom-bg\"><div class=\"grid-container\"><div class=\"grid-row\">\n<div id=\"col-gm3d42ca\" class=\"wp-block-gutentor-m4-col col-gm3d42ca gutentor-single-column  grid-lg-12 grid-md-12 grid-12\"><div id=\"section-gm3d42ca\" class=\"section-gm3d42ca gutentor-col-wrap\">\n<div id=\"section-gf579ed\" class=\"wp-block-gutentor-e1 section-gf579ed gutentor-element gutentor-element-advanced-text text-align-center-desktop text-align-center-tablet text-align-center-mobile\"><div class=\"gutentor-text-wrap\"><h2 class=\"gutentor-text\"><strong>Unser Leistungsspektrum<\/strong><\/h2><\/div><\/div>\n\n\n\n<div id=\"section-g08071a\" class=\"wp-block-gutentor-e1 section-g08071a gutentor-element gutentor-element-advanced-text text-align-center-desktop text-align-center-tablet text-align-center-mobile\"><div class=\"gutentor-text-wrap\"><p class=\"gutentor-text\">Mit \u00fcber <strong>60 Jahren Erfahrung<\/strong> in der Geb\u00e4udereinigungsbranche betreuen wir <strong>bundesweit \u00fcber 500 Kunden<\/strong> aus den Bereichen Handel, Banken, Industrie, Kommunen, Versicherungen und Krankenhaus. Unsere <strong>speziell geschulten Reinigungsteams<\/strong> arbeiten nach objektspezifischen Pl\u00e4nen &#8211; unter <strong>Einsatz modernster Maschinen<\/strong> und Ger\u00e4te bis hin zur Robotic &#8211; in rationellen Abl\u00e4ufen, um ein optimales Ergebnis zu erzielen.<\/p><\/div><\/div>\n\n\n\n<section id=\"section-60003f9c-dc31-4940-bfee-a23fd9cd5b2f\" class=\"wp-block-gutentor-image-box gutentor-section gutentor-image-wrapper imagebox-template1\"><div class=\"grid-container\"><div class=\"grid-row gutentor-grid-item-wrap\"><div class=\"gutentor-grid-column grid-lg-4 grid-md-4 grid-12\"><div class=\"gutentor-single-item gutentor-image gutentor-single-item-0\"><div class=\"gutentor-single-item-wrap\"><div class=\"gutentor-single-item-image-box\"><div class=\"gutentor-image-thumb\"><img loading=\"lazy\" decoding=\"async\" class=\"normal-image\" src=\"https:\/\/www.rgs-seipp.de\/web\/wp-content\/uploads\/2023\/04\/bueroreinigung.jpg\" alt=\"\" height=\"400\" width=\"600\"\/><\/div><\/div><div class=\"gutentor-single-item-content\"><h4 class=\"gutentor-single-item-title\"><strong>B\u00fcro-\/ Innenreinigung<\/strong><\/h4><p class=\"gutentor-single-item-desc\">Reinigung und Pflege von Oberfl\u00e4chen und Fu\u00dfb\u00f6den im B\u00fcrobereich sowie die Reinigung der sanit\u00e4ren Anlagen, K\u00fcchen und sonstigen Einrichtungen<\/p><\/div><\/div><\/div><\/div><div class=\"gutentor-grid-column grid-lg-4 grid-md-4 grid-12\"><div class=\"gutentor-single-item gutentor-image gutentor-single-item-1\"><div class=\"gutentor-single-item-wrap\"><div class=\"gutentor-single-item-image-box\"><div class=\"gutentor-image-thumb\"><img loading=\"lazy\" decoding=\"async\" class=\"normal-image\" src=\"https:\/\/www.rgs-seipp.de\/web\/wp-content\/uploads\/2023\/06\/rgs-marktreinigung.jpg\" alt=\"\" height=\"400\" width=\"600\"\/><\/div><\/div><div class=\"gutentor-single-item-content\"><h4 class=\"gutentor-single-item-title\"><strong>EINZELHANDEL<\/strong> <strong>\/ M\u00c4RKTE<\/strong><\/h4><p class=\"gutentor-single-item-desc\">Reinigung von Verkaufsbereichen, Nebenr\u00e4umen und -fl\u00e4chen in festem Rhythmen mit geeigneten Materialien wie etwa Scheuersaugmaschinen<\/p><\/div><\/div><\/div><\/div><div class=\"gutentor-grid-column grid-lg-4 grid-md-4 grid-12\"><div class=\"gutentor-single-item gutentor-image gutentor-single-item-2\"><div class=\"gutentor-single-item-wrap\"><div class=\"gutentor-single-item-image-box\"><div class=\"gutentor-image-thumb\"><img loading=\"lazy\" decoding=\"async\" class=\"normal-image\" src=\"https:\/\/www.rgs-seipp.de\/web\/wp-content\/uploads\/2023\/06\/glasreinigung.jpg\" alt=\"\" height=\"400\" width=\"600\"\/><\/div><\/div><div class=\"gutentor-single-item-content\"><h4 class=\"gutentor-single-item-title\"><strong>Glas-\/Fassadenreinigung<\/strong><\/h4><p class=\"gutentor-single-item-desc\">Reinigung der Fenster und Glasfl\u00e4chen innen und au\u00dfen, inklusive der Rahmen und Einfassungen, Leuchtreklamen und Lampen, Fassadenreinigung <\/p><\/div><\/div><\/div><\/div><div class=\"gutentor-grid-column grid-lg-4 grid-md-4 grid-12\"><div class=\"gutentor-single-item gutentor-image gutentor-single-item-3\"><div class=\"gutentor-single-item-wrap\"><div class=\"gutentor-single-item-image-box\"><div class=\"gutentor-image-thumb\"><img loading=\"lazy\" decoding=\"async\" class=\"normal-image\" src=\"https:\/\/www.rgs-seipp.de\/web\/wp-content\/uploads\/2023\/03\/photvoltaik-reinigung.jpg\" alt=\"\" height=\"400\" width=\"600\"\/><\/div><\/div><div class=\"gutentor-single-item-content\"><h4 class=\"gutentor-single-item-title\"><strong>Photovoltaikreinigung<\/strong><\/h4><p class=\"gutentor-single-item-desc\">Spezialreinigung von Photovoltaik- und Solarmodulen mit Stangensystemen und Osmose-Verfahren zur Werterhaltung und Ertragssteigerung <\/p><\/div><\/div><\/div><\/div><div class=\"gutentor-grid-column grid-lg-4 grid-md-4 grid-12\"><div class=\"gutentor-single-item gutentor-image gutentor-single-item-4\"><div class=\"gutentor-single-item-wrap\"><div class=\"gutentor-single-item-image-box\"><div class=\"gutentor-image-thumb\"><img loading=\"lazy\" decoding=\"async\" class=\"normal-image\" src=\"https:\/\/www.rgs-seipp.de\/web\/wp-content\/uploads\/2023\/06\/industriereinigung.jpg\" alt=\"\" height=\"400\" width=\"600\"\/><\/div><\/div><div class=\"gutentor-single-item-content\"><h4 class=\"gutentor-single-item-title\"><strong>Industriereinigung<\/strong><\/h4><p class=\"gutentor-single-item-desc\">Reinigungen rund um die Industrieanlage mit speziellen Reinigungsmitteln und -ger\u00e4ten,  Reinigung von Maschinen, B\u00f6den, Decken und W\u00e4nden<\/p><\/div><\/div><\/div><\/div><div class=\"gutentor-grid-column grid-lg-4 grid-md-4 grid-12\"><div class=\"gutentor-single-item gutentor-image gutentor-single-item-5\"><div class=\"gutentor-single-item-wrap\"><div class=\"gutentor-single-item-image-box\"><div class=\"gutentor-image-thumb\"><img loading=\"lazy\" decoding=\"async\" class=\"normal-image\" src=\"https:\/\/www.rgs-seipp.de\/web\/wp-content\/uploads\/2023\/04\/teppichreinigung.jpg\" alt=\"\" height=\"400\" width=\"600\"\/><\/div><\/div><div class=\"gutentor-single-item-content\"><h4 class=\"gutentor-single-item-title\"><strong>teppichreingung<\/strong><\/h4><p class=\"gutentor-single-item-desc\">Zur Werterhaltung und Sicherung der Hygiene setzen wir turnusm\u00e4\u00dfig Trockenreinigungs-, Shampoonierungs- und Extraktionsverfahren ein<\/p><\/div><\/div><\/div><\/div><div class=\"gutentor-grid-column grid-lg-4 grid-md-4 grid-12\"><div class=\"gutentor-single-item gutentor-image gutentor-single-item-6\"><div class=\"gutentor-single-item-wrap\"><div class=\"gutentor-single-item-image-box\"><div class=\"gutentor-image-thumb\"><img loading=\"lazy\" decoding=\"async\" class=\"normal-image\" src=\"https:\/\/www.rgs-seipp.de\/web\/wp-content\/uploads\/2023\/03\/reinigung-medizinisch.jpg\" alt=\"\" height=\"400\" width=\"600\"\/><\/div><\/div><div class=\"gutentor-single-item-content\"><h4 class=\"gutentor-single-item-title\"><strong>MEDizin. Einrichtungen<\/strong><\/h4><p class=\"gutentor-single-item-desc\">Reinigung von medizinischen Einrichtungen, Alten- und Pflegeheimen, Desinfektion von B\u00f6den und Arbeitsfl\u00e4chen sowie den Sanit\u00e4rbereichen<\/p><\/div><\/div><\/div><\/div><div class=\"gutentor-grid-column grid-lg-4 grid-md-4 grid-12\"><div class=\"gutentor-single-item gutentor-image gutentor-single-item-7\"><div class=\"gutentor-single-item-wrap\"><div class=\"gutentor-single-item-image-box\"><div class=\"gutentor-image-thumb\"><img loading=\"lazy\" decoding=\"async\" class=\"normal-image\" src=\"https:\/\/www.rgs-seipp.de\/web\/wp-content\/uploads\/2023\/06\/gruenpflege-1.jpg\" alt=\"\" height=\"400\" width=\"600\"\/><\/div><\/div><div class=\"gutentor-single-item-content\"><h4 class=\"gutentor-single-item-title\"><strong>Garten-\/ Gr\u00fcnpflege<\/strong><\/h4><p class=\"gutentor-single-item-desc\">Wir sorgen das ganze Jahr f\u00fcr gepflegte Au\u00dfenanlagen. Ob Planung, Gestaltung oder Pflege \u2013 wir beraten Sie kostenlos und erstellen Ihnen ein Angebot!<\/p><\/div><\/div><\/div><\/div><div class=\"gutentor-grid-column grid-lg-4 grid-md-4 grid-12\"><div class=\"gutentor-single-item gutentor-image gutentor-single-item-8\"><div class=\"gutentor-single-item-wrap\"><div class=\"gutentor-single-item-image-box\"><div class=\"gutentor-image-thumb\"><img loading=\"lazy\" decoding=\"async\" class=\"normal-image\" src=\"https:\/\/www.rgs-seipp.de\/web\/wp-content\/uploads\/2023\/07\/bauendreinigung2.jpg\" alt=\"\" height=\"400\" width=\"600\"\/><\/div><\/div><div class=\"gutentor-single-item-content\"><h4 class=\"gutentor-single-item-title\"><strong>BAUENDREINIGUNG<\/strong><\/h4><p class=\"gutentor-single-item-desc\">Innen- und Au\u00dfenreinigung, Entfernung von grobem Bauschutt, M\u00fcll und Verschmutzungen auf Baustellen, beim Hausbau oder bei Sanierungsarbeiten<\/p><\/div><\/div><\/div><\/div><div class=\"gutentor-grid-column grid-lg-4 grid-md-4 grid-12\"><div class=\"gutentor-single-item gutentor-image gutentor-single-item-9\"><div class=\"gutentor-single-item-wrap\"><div class=\"gutentor-single-item-image-box\"><div class=\"gutentor-image-thumb\"><img loading=\"lazy\" decoding=\"async\" class=\"normal-image\" src=\"https:\/\/www.rgs-seipp.de\/web\/wp-content\/uploads\/2023\/06\/sonderreinigung.jpg\" alt=\"\" height=\"400\" width=\"600\"\/><\/div><\/div><div class=\"gutentor-single-item-content\"><h4 class=\"gutentor-single-item-title\"><strong>SOnderreinigung<\/strong><\/h4><p class=\"gutentor-single-item-desc\">Zusatzleistungen, die nicht in der t\u00e4glichen Reinigung abgedeckt werden, wie z.B. Grundreinigung, Ver- und Entsiegeln von Fl\u00e4chen, Deckenreinigungen, Brand- und Wassersch\u00e4den<\/p><\/div><\/div><\/div><\/div><div class=\"gutentor-grid-column grid-lg-4 grid-md-4 grid-12\"><div class=\"gutentor-single-item gutentor-image gutentor-single-item-10\"><div class=\"gutentor-single-item-wrap\"><div class=\"gutentor-single-item-image-box\"><div class=\"gutentor-image-thumb\"><img loading=\"lazy\" decoding=\"async\" class=\"normal-image\" src=\"https:\/\/www.rgs-seipp.de\/web\/wp-content\/uploads\/2023\/02\/winterdienst.jpg\" alt=\"\" height=\"400\" width=\"600\"\/><\/div><\/div><div class=\"gutentor-single-item-content\"><h4 class=\"gutentor-single-item-title\"><strong>Winterdienst<\/strong><\/h4><p class=\"gutentor-single-item-desc\">Mit Schneefr\u00e4se, Traktoren und Gro\u00dfger\u00e4ten garantieren wir einen professionellen Winterdienst<\/p><\/div><\/div><\/div><\/div><\/div><\/div><\/section>\n<\/div><\/div>\n<\/div><\/div><\/section>\n","protected":false},"excerpt":{"rendered":"","protected":false},"author":1,"featured_media":0,"parent":0,"menu_order":0,"comment_status":"closed","ping_status":"closed","template":"template-gutentor-full-width.php","meta":{"footnotes":""},"class_list":["post-46","page","type-page","status-publish","hentry"],"_links":{"self":[{"href":"https:\/\/www.rgs-seipp.de\/web\/wp-json\/wp\/v2\/pages\/46","targetHints":{"allow":["GET"]}}],"collection":[{"href":"https:\/\/www.rgs-seipp.de\/web\/wp-json\/wp\/v2\/pages"}],"about":[{"href":"https:\/\/www.rgs-seipp.de\/web\/wp-json\/wp\/v2\/types\/page"}],"author":[{"embeddable":true,"href":"https:\/\/www.rgs-seipp.de\/web\/wp-json\/wp\/v2\/users\/1"}],"replies":[{"embeddable":true,"href":"https:\/\/www.rgs-seipp.de\/web\/wp-json\/wp\/v2\/comments?post=46"}],"version-history":[{"count":65,"href":"https:\/\/www.rgs-seipp.de\/web\/wp-json\/wp\/v2\/pages\/46\/revisions"}],"predecessor-version":[{"id":1319,"href":"https:\/\/www.rgs-seipp.de\/web\/wp-json\/wp\/v2\/pages\/46\/revisions\/1319"}],"wp:attachment":[{"href":"https:\/\/www.rgs-seipp.de\/web\/wp-json\/wp\/v2\/media?parent=46"}],"curies":[{"name":"wp","href":"https:\/\/api.w.org\/{rel}","templated":true}]}}