{"id":52,"date":"2019-10-31T07:46:42","date_gmt":"2019-10-31T07:46:42","guid":{"rendered":"https:\/\/www.demo.cosmoswp.com\/demo-9\/?page_id=4"},"modified":"2026-04-29T15:22:42","modified_gmt":"2026-04-29T13:22:42","slug":"home","status":"publish","type":"page","link":"https:\/\/www.rgs-seipp.de\/web\/","title":{"rendered":"Willkommen"},"content":{"rendered":"\n<section id=\"section-43718d4b-2a90-48b6-9e7c-0f0c87eb8d4f\" class=\"wp-block-gutentor-image-slider gutentor-section gutentor-image-slider imageSlider-template1 text-left\"><div class=\"gutentor-grid-item-wrap\"><div class=\"gutentor-slider-wrapper\" data-dots=\"true\" data-arrows=\"false\" data-infinite=\"true\" data-nextarrow=\"fas fa-angle-right\" data-prevarrow=\"fas fa-angle-left\" data-autoplay=\"true\" data-autoplayspeed=\"5000\" data-fade=\"true\" data-speed=\"2000\"><div class=\"gutentor-slider-item\"><div class=\"gutentor-single-item gutentor-single-item-0\"><div class=\"gutentor-single-item-wrap\"><div class=\"gutentor-single-item-image-box\"><div class=\"gutentor-bg-image\"><div class=\"overlay\"><\/div><\/div><\/div><div class=\"gutentor-single-item-content\"><div class=\"grid-container\"><div class=\"slider-caption text-left\"><p class=\"gutentor-single-item-title\"><strong>Mit uns behalten Sie den Durchblick <\/strong><\/p><p class=\"gutentor-single-item-desc\">Wir schaffen klare Verh\u00e4ltnisse mit einem f\u00fcr Sie ma\u00dfgeschneidertem Reinigungskonzept<\/p><\/div><\/div><\/div><\/div><\/div><\/div><div class=\"gutentor-slider-item\"><div class=\"gutentor-single-item gutentor-single-item-1\"><div class=\"gutentor-single-item-wrap\"><div class=\"gutentor-single-item-image-box\"><div class=\"gutentor-bg-image\"><div class=\"overlay\"><\/div><\/div><\/div><div class=\"gutentor-single-item-content\"><div class=\"grid-container\"><div class=\"slider-caption text-left\"><p class=\"gutentor-single-item-title\"><\/p><p class=\"gutentor-single-item-desc\"><\/p><\/div><\/div><\/div><\/div><\/div><\/div><div class=\"gutentor-slider-item\"><div class=\"gutentor-single-item gutentor-single-item-2\"><div class=\"gutentor-single-item-wrap\"><div class=\"gutentor-single-item-image-box\"><div class=\"gutentor-bg-image\"><div class=\"overlay\"><\/div><\/div><\/div><div class=\"gutentor-single-item-content\"><div class=\"grid-container\"><div class=\"slider-caption text-left\"><p class=\"gutentor-single-item-title\"><strong>Sichern Sie sich den optimalen Ertrag Ihrer Solaranlage!<\/strong><\/p><p class=\"gutentor-single-item-desc\">Durch regelm\u00e4\u00dfige Reinigung der Module sichern Sie sich langfristig die Werterhaltung und Effizienz Ihrer Anlage<\/p><\/div><\/div><\/div><\/div><\/div><\/div><\/div><\/div><\/section>\n\n\n\n<section id=\"gm0ec44c1\" class=\"wp-block-gutentor-m4 section-gm0ec44c1 gutentor-module gutentor-advanced-columns has-image-bg has-custom-bg\"><div class=\"grid-container\"><div class=\"grid-row\">\n<div id=\"col-gm21f8ba\" class=\"wp-block-gutentor-m4-col col-gm21f8ba gutentor-single-column  grid-lg-12 grid-md-12 grid-12\"><div id=\"section-gm21f8ba\" class=\"section-gm21f8ba gutentor-col-wrap\">\n<div id=\"section-gc482ff\" class=\"wp-block-gutentor-e6 section-gc482ff gutentor-element gutentor-element-image wow slideInLeft text-align-center-desktop text-align-center-tablet text-align-center-mobile\" data-wow-animation=\"slideInLeft\"><div class=\"gutentor-element-image-box\"><div class=\"gutentor-image-thumb\"><img decoding=\"async\" class=\"normal-image\" src=\"https:\/\/www.rgs-seipp.de\/web\/wp-content\/uploads\/2023\/03\/zuverlaessig.png\"\/><\/div><\/div><\/div>\n\n\n\n<div id=\"section-g710f53\" class=\"wp-block-gutentor-e1 section-g710f53 gutentor-element gutentor-element-advanced-text wow slideInRight text-align-center-desktop\" data-wow-animation=\"slideInRight\"><div class=\"gutentor-text-wrap\"><p class=\"gutentor-text\">Mit \u00fcber <strong>60 Jahren Erfahrung<\/strong> in der Geb\u00e4udereinigungsbranche betreuen wir <strong>bundesweit \u00fcber 500 Kunden<\/strong> aus den Bereichen Handel, Banken, Industrie, Kommunen, Versicherungen und medizinischen Pflegeeinrichtungen. Unsere <strong>speziell geschulten Reinigungsteams<\/strong> arbeiten nach objektspezifischen Pl\u00e4nen unter <strong>Einsatz modernster Maschinen<\/strong> und Ger\u00e4te bis hin zur Robotic in rationellen Abl\u00e4ufen, um ein optimales Ergebnis zu erzielen.<\/p><\/div><\/div>\n\n\n\n<section id=\"section-04aa4619-b8f9-4899-a3b6-826e24eb0282\" class=\"wp-block-gutentor-image-box gutentor-section gutentor-image-wrapper imagebox-template1 has-image-bg has-custom-bg\"><div class=\"grid-container\"><div class=\"grid-row gutentor-grid-item-wrap\"><div class=\"gutentor-grid-column grid-lg-4 grid-md-4 grid-12\"><div class=\"gutentor-single-item gutentor-image gutentor-single-item-0\"><div class=\"gutentor-single-item-wrap\"><div class=\"gutentor-single-item-image-box\"><div class=\"gutentor-image-thumb\"><img loading=\"lazy\" decoding=\"async\" class=\"normal-image\" src=\"https:\/\/www.rgs-seipp.de\/web\/wp-content\/uploads\/2023\/04\/bueroreinigung.jpg\" alt=\"\" height=\"400\" width=\"600\"\/><\/div><\/div><div class=\"gutentor-single-item-content\"><h4 class=\"gutentor-single-item-title\">B\u00fcro-\/ InneNREINIGUNG<\/h4><\/div><\/div><\/div><\/div><div class=\"gutentor-grid-column grid-lg-4 grid-md-4 grid-12\"><div class=\"gutentor-single-item gutentor-image gutentor-single-item-1\"><div class=\"gutentor-single-item-wrap\"><div class=\"gutentor-single-item-image-box\"><div class=\"gutentor-image-thumb\"><img loading=\"lazy\" decoding=\"async\" class=\"normal-image\" src=\"https:\/\/www.rgs-seipp.de\/web\/wp-content\/uploads\/2023\/06\/rgs-marktreinigung.jpg\" alt=\"\" height=\"400\" width=\"600\"\/><\/div><\/div><div class=\"gutentor-single-item-content\"><h4 class=\"gutentor-single-item-title\">Einzelhandel<\/h4><\/div><\/div><\/div><\/div><div class=\"gutentor-grid-column grid-lg-4 grid-md-4 grid-12\"><div class=\"gutentor-single-item gutentor-image gutentor-single-item-2\"><div class=\"gutentor-single-item-wrap\"><div class=\"gutentor-single-item-image-box\"><div class=\"gutentor-image-thumb\"><img loading=\"lazy\" decoding=\"async\" class=\"normal-image\" src=\"https:\/\/www.rgs-seipp.de\/web\/wp-content\/uploads\/2023\/06\/glasreinigung.jpg\" alt=\"\" height=\"400\" width=\"600\"\/><\/div><\/div><div class=\"gutentor-single-item-content\"><h4 class=\"gutentor-single-item-title\">Glasreinigung<\/h4><\/div><\/div><\/div><\/div><div class=\"gutentor-grid-column grid-lg-4 grid-md-4 grid-12\"><div class=\"gutentor-single-item gutentor-image gutentor-single-item-3\"><div class=\"gutentor-single-item-wrap\"><div class=\"gutentor-single-item-image-box\"><div class=\"gutentor-image-thumb\"><img loading=\"lazy\" decoding=\"async\" class=\"normal-image\" src=\"https:\/\/www.rgs-seipp.de\/web\/wp-content\/uploads\/2023\/06\/industriereinigung.jpg\" alt=\"\" height=\"400\" width=\"600\"\/><\/div><\/div><div class=\"gutentor-single-item-content\"><h4 class=\"gutentor-single-item-title\">IndustrieREINIGUNG<\/h4><\/div><\/div><\/div><\/div><div class=\"gutentor-grid-column grid-lg-4 grid-md-4 grid-12\"><div class=\"gutentor-single-item gutentor-image gutentor-single-item-4\"><div class=\"gutentor-single-item-wrap\"><div class=\"gutentor-single-item-image-box\"><div class=\"gutentor-image-thumb\"><img loading=\"lazy\" decoding=\"async\" class=\"normal-image\" src=\"https:\/\/www.rgs-seipp.de\/web\/wp-content\/uploads\/2023\/03\/photvoltaik-reinigung.jpg\" alt=\"\" height=\"400\" width=\"600\"\/><\/div><\/div><div class=\"gutentor-single-item-content\"><h4 class=\"gutentor-single-item-title\">Photovoltaik<\/h4><\/div><\/div><\/div><\/div><div class=\"gutentor-grid-column grid-lg-4 grid-md-4 grid-12\"><div class=\"gutentor-single-item gutentor-image gutentor-single-item-5\"><div class=\"gutentor-single-item-wrap\"><div class=\"gutentor-single-item-image-box\"><div class=\"gutentor-image-thumb\"><img loading=\"lazy\" decoding=\"async\" class=\"normal-image\" src=\"https:\/\/www.rgs-seipp.de\/web\/wp-content\/uploads\/2023\/07\/bauendreinigung2.jpg\" alt=\"\" height=\"400\" width=\"600\"\/><\/div><\/div><div class=\"gutentor-single-item-content\"><h4 class=\"gutentor-single-item-title\">bauendreingung<\/h4><\/div><\/div><\/div><\/div><div class=\"gutentor-grid-column grid-lg-4 grid-md-4 grid-12\"><div class=\"gutentor-single-item gutentor-image gutentor-single-item-6\"><div class=\"gutentor-single-item-wrap\"><div class=\"gutentor-single-item-image-box\"><div class=\"gutentor-image-thumb\"><img loading=\"lazy\" decoding=\"async\" class=\"normal-image\" src=\"https:\/\/www.rgs-seipp.de\/web\/wp-content\/uploads\/2023\/04\/teppichreinigung.jpg\" alt=\"\" height=\"400\" width=\"600\"\/><\/div><\/div><div class=\"gutentor-single-item-content\"><h4 class=\"gutentor-single-item-title\">TEPPICHREINIGUNG<\/h4><\/div><\/div><\/div><\/div><div class=\"gutentor-grid-column grid-lg-4 grid-md-4 grid-12\"><div class=\"gutentor-single-item gutentor-image gutentor-single-item-7\"><div class=\"gutentor-single-item-wrap\"><div class=\"gutentor-single-item-image-box\"><div class=\"gutentor-image-thumb\"><img loading=\"lazy\" decoding=\"async\" class=\"normal-image\" src=\"https:\/\/www.rgs-seipp.de\/web\/wp-content\/uploads\/2023\/03\/reinigung-medizinisch.jpg\" alt=\"\" height=\"400\" width=\"600\"\/><\/div><\/div><div class=\"gutentor-single-item-content\"><h4 class=\"gutentor-single-item-title\">PFLEGEeiNRICHTUNGEN<\/h4><\/div><\/div><\/div><\/div><div class=\"gutentor-grid-column grid-lg-4 grid-md-4 grid-12\"><div class=\"gutentor-single-item gutentor-image gutentor-single-item-8\"><div class=\"gutentor-single-item-wrap\"><div class=\"gutentor-single-item-image-box\"><div class=\"gutentor-image-thumb\"><img loading=\"lazy\" decoding=\"async\" class=\"normal-image\" src=\"https:\/\/www.rgs-seipp.de\/web\/wp-content\/uploads\/2023\/06\/gruenpflege-1.jpg\" alt=\"\" height=\"400\" width=\"600\"\/><\/div><\/div><div class=\"gutentor-single-item-content\"><h4 class=\"gutentor-single-item-title\">GR\u00dcNPFLEGE<\/h4><\/div><\/div><\/div><\/div><\/div><\/div><\/section>\n\n\n\n<div id=\"section-gff5058\" class=\"wp-block-gutentor-e2 section-gff5058 gutentor-element gutentor-element-button button-align-center-desktop button-align-center-mobile\"><span class=\"gutentor-button-wrap\"><a class=\"gutentor-button gutentor-block-button gutentor-icon-before\" href=\"https:\/\/www.rgs-seipp.de\/web\/leistungen\/\"><i class=\"gutentor-button-icon fas fa-angle-double-right\"><\/i><span>Unser gesamtes Leistungsspektrum<\/span><\/a><\/span><\/div>\n<\/div><\/div>\n<\/div><\/div><\/section>\n\n\n\n<section id=\"gm071297b\" class=\"wp-block-gutentor-m4 section-gm071297b gutentor-module gutentor-advanced-columns has-color-bg has-custom-bg\"><div class=\"grid-container\"><div class=\"grid-row\">\n<div id=\"col-gm928869\" class=\"wp-block-gutentor-m4-col col-gm928869 gutentor-single-column  grid-lg-12 grid-md-12 grid-12\"><div id=\"section-gm928869\" class=\"section-gm928869 gutentor-col-wrap\">\n<p class=\"has-text-align-center\" id=\"termin\"><mark style=\"background-color:rgba(0, 0, 0, 0);color:#d2deea\" class=\"has-inline-color\">&#8230;<\/mark><mark style=\"background-color:rgba(0, 0, 0, 0);color:#dfeef9\" class=\"has-inline-color\">&#8230;&#8230;&#8230;&#8230;..<\/mark><\/p>\n\n\n\n<div id=\"section-gcf17e3\" class=\"wp-block-gutentor-e1 section-gcf17e3 gutentor-element gutentor-element-advanced-text text-align-center-desktop text-align-center-tablet\"><div class=\"gutentor-text-wrap\"><h2 class=\"gutentor-text\"><strong>W\u00fcnschen Sie eine Beratung?<\/strong><\/h2><\/div><\/div>\n\n\n\n<div id=\"section-ga9271b\" class=\"wp-block-gutentor-e1 section-ga9271b gutentor-element gutentor-element-advanced-text text-align-center-desktop text-align-center-tablet\"><div class=\"gutentor-text-wrap\"><p class=\"gutentor-text\">Gerne beraten wir Sie pers\u00f6nlich in einem unverbindlichen Informationsgespr\u00e4ch per Telefon oder auch bei Ihnen vor Ort. <br>Senden Sie uns einfach eine Nachricht und wir werden uns in K\u00fcrze mit Ihnen in Verbindung setzen.<\/p><\/div><\/div>\n\n\n<div class=\"wpforms-container wpforms-container-full align center wpforms-block wpforms-block-4347f7cd-7ede-4c1a-be51-aff741605440 wpf-center\" id=\"wpforms-449\"><form id=\"wpforms-form-449\" class=\"wpforms-validate wpforms-form wpforms-ajax-form\" data-formid=\"449\" method=\"post\" enctype=\"multipart\/form-data\" action=\"\/web\/wp-json\/wp\/v2\/pages\/52\" data-token=\"c19fa057258797d3e354480f4ae20c94\" data-token-time=\"1778063113\"><noscript class=\"wpforms-error-noscript\">Bitte aktiviere JavaScript in deinem Browser, um dieses Formular fertigzustellen.<\/noscript><div class=\"wpforms-field-container\"><div id=\"wpforms-449-field_0-container\" class=\"wpforms-field wpforms-field-name\" data-field-id=\"0\"><label class=\"wpforms-field-label\">Name <span class=\"wpforms-required-label\">*<\/span><\/label><div class=\"wpforms-field-row wpforms-field-large\"><div class=\"wpforms-field-row-block wpforms-first wpforms-one-half\"><input type=\"text\" id=\"wpforms-449-field_0\" class=\"wpforms-field-name-first wpforms-field-required\" name=\"wpforms[fields][0][first]\" required><label for=\"wpforms-449-field_0\" class=\"wpforms-field-sublabel after\">Vorname<\/label><\/div><div class=\"wpforms-field-row-block wpforms-one-half\"><input type=\"text\" id=\"wpforms-449-field_0-last\" class=\"wpforms-field-name-last wpforms-field-required\" name=\"wpforms[fields][0][last]\" required><label for=\"wpforms-449-field_0-last\" class=\"wpforms-field-sublabel after\">Nachname<\/label><\/div><\/div><\/div><div id=\"wpforms-449-field_1-container\" class=\"wpforms-field wpforms-field-email\" data-field-id=\"1\"><label class=\"wpforms-field-label\" for=\"wpforms-449-field_1\">E-Mail <span class=\"wpforms-required-label\">*<\/span><\/label><input type=\"email\" id=\"wpforms-449-field_1\" class=\"wpforms-field-large wpforms-field-required\" name=\"wpforms[fields][1]\" spellcheck=\"false\" required><\/div><div id=\"wpforms-449-field_3-container\" class=\"wpforms-field wpforms-field-text\" data-field-id=\"3\"><label class=\"wpforms-field-label\" for=\"wpforms-449-field_3\">Telefon<\/label><input type=\"text\" id=\"wpforms-449-field_3\" class=\"wpforms-field-large\" name=\"wpforms[fields][3]\" ><\/div><div id=\"wpforms-449-field_4-container\" class=\"wpforms-field wpforms-field-textarea\" data-field-id=\"4\"><label class=\"wpforms-field-label\" for=\"wpforms-449-field_4\">Ihre Nachricht<\/label><textarea id=\"wpforms-449-field_4\" class=\"wpforms-field-medium\" name=\"wpforms[fields][4]\" ><\/textarea><\/div><\/div><!-- .wpforms-field-container --><div class=\"wpforms-submit-container\" ><input type=\"hidden\" name=\"wpforms[id]\" value=\"449\"><input type=\"hidden\" name=\"page_title\" value=\"\"><input type=\"hidden\" name=\"page_url\" value=\"https:\/\/www.rgs-seipp.de\/web\/wp-json\/wp\/v2\/pages\/52\"><input type=\"hidden\" name=\"url_referer\" value=\"\"><button type=\"submit\" name=\"wpforms[submit]\" id=\"wpforms-submit-449\" class=\"wpforms-submit\" data-alt-text=\"Senden\u2026\" data-submit-text=\"absenden\" aria-live=\"assertive\" value=\"wpforms-submit\">absenden<\/button><img loading=\"lazy\" decoding=\"async\" src=\"https:\/\/www.rgs-seipp.de\/web\/wp-content\/plugins\/wpforms-lite\/assets\/images\/submit-spin.svg\" class=\"wpforms-submit-spinner\" style=\"display: none;\" width=\"26\" height=\"26\" alt=\"Wird geladen\"><\/div><\/form><\/div>  <!-- .wpforms-container --><\/div><\/div>\n<\/div><\/div><\/section>\n\n\n\n<section id=\"gm4465ed8\" class=\"wp-block-gutentor-m4 section-gm4465ed8 gutentor-module gutentor-advanced-columns\"><div class=\"grid-container\"><div class=\"grid-row\">\n<div id=\"col-gmfa0e96\" class=\"wp-block-gutentor-m4-col col-gmfa0e96 gutentor-single-column  grid-lg-3 grid-md-12 grid-12\"><div id=\"section-gmfa0e96\" class=\"section-gmfa0e96 gutentor-col-wrap\">\n<div id=\"section-g7c80f3\" class=\"wp-block-gutentor-e6 section-g7c80f3 gutentor-element gutentor-element-image\"><div class=\"gutentor-element-image-box\"><a class=\"gutentor-element-image-link\" href=\"https:\/\/www.rgs-seipp.de\/web\/wp-content\/uploads\/2026\/04\/HPQR-RGS-SEIPP-GmbH_18-06-25.pdf\" target=\"_blank\" rel=\" noopener noreferrer\"><div class=\"gutentor-image-thumb\"><img decoding=\"async\" class=\"normal-image\" src=\"https:\/\/www.rgs-seipp.de\/web\/wp-content\/uploads\/2023\/03\/hpqr-zertifikat.jpg\"\/><\/div><\/a><\/div><\/div>\n<\/div><\/div>\n\n\n\n<div id=\"col-gmf42b36\" class=\"wp-block-gutentor-m4-col col-gmf42b36 gutentor-single-column  grid-lg-3 grid-md-12 grid-12\"><div id=\"section-gmf42b36\" class=\"section-gmf42b36 gutentor-col-wrap\">\n<div id=\"section-gc0e0b4\" class=\"wp-block-gutentor-e6 section-gc0e0b4 gutentor-element gutentor-element-image\"><div class=\"gutentor-element-image-box\"><a class=\"gutentor-element-image-link\" href=\"https:\/\/www.rgs-seipp.de\/web\/wp-content\/uploads\/2024\/10\/2024-07-08_9001-Zertifikat-bis-2027.pdf\" target=\"_blank\" rel=\" noopener noreferrer\"><div class=\"gutentor-image-thumb\"><img decoding=\"async\" class=\"normal-image\" src=\"https:\/\/www.rgs-seipp.de\/web\/wp-content\/uploads\/2024\/10\/zdh-zert-9001.jpg\"\/><\/div><\/a><\/div><\/div>\n<\/div><\/div>\n\n\n\n<div id=\"col-gmbc09e5\" class=\"wp-block-gutentor-m4-col col-gmbc09e5 gutentor-single-column  grid-lg-3 grid-md-12 grid-12\"><div id=\"section-gmbc09e5\" class=\"section-gmbc09e5 gutentor-col-wrap\">\n<div id=\"section-g-skkt2tg\" class=\"wp-block-gutentor-e6 section-g-skkt2tg gutentor-element gutentor-element-image\"><div class=\"gutentor-element-image-box\"><a class=\"gutentor-element-image-link\" href=\"https:\/\/www.rgs-seipp.de\/web\/wp-content\/uploads\/2024\/10\/2024-07-08_14001-Zertifikat-bis-2027.pdf\" target=\"_blank\" rel=\" noopener noreferrer\"><div class=\"gutentor-image-thumb\"><img decoding=\"async\" class=\"normal-image\" src=\"https:\/\/www.rgs-seipp.de\/web\/wp-content\/uploads\/2024\/10\/zdh-zert-14001.jpg\"\/><\/div><\/a><\/div><\/div>\n<\/div><\/div>\n\n\n\n<div id=\"col-g-jzll33j\" class=\"wp-block-gutentor-m4-col col-g-jzll33j gutentor-single-column  grid-lg-3 grid-md-12 grid-12\"><div id=\"section-g-jzll33j\" class=\"section-g-jzll33j gutentor-col-wrap\">\n<div id=\"section-g854129\" class=\"wp-block-gutentor-e6 section-g854129 gutentor-element gutentor-element-image\"><div class=\"gutentor-element-image-box\"><a class=\"gutentor-element-image-link\" href=\"https:\/\/www.rgs-seipp.de\/web\/wp-content\/uploads\/2026\/04\/QV-Zertifikat-2026.pdf\" target=\"_blank\" rel=\" noopener noreferrer\"><div class=\"gutentor-image-thumb\"><img decoding=\"async\" class=\"normal-image\" src=\"https:\/\/www.rgs-seipp.de\/web\/wp-content\/uploads\/2023\/02\/verband-gebaeudedienste.jpg\"\/><\/div><\/a><\/div><\/div>\n<\/div><\/div>\n<\/div><\/div><\/section>\n","protected":false},"excerpt":{"rendered":"","protected":false},"author":1,"featured_media":0,"parent":0,"menu_order":0,"comment_status":"closed","ping_status":"closed","template":"template-gutentor-full-width.php","meta":{"footnotes":""},"class_list":["post-52","page","type-page","status-publish","hentry"],"_links":{"self":[{"href":"https:\/\/www.rgs-seipp.de\/web\/wp-json\/wp\/v2\/pages\/52","targetHints":{"allow":["GET"]}}],"collection":[{"href":"https:\/\/www.rgs-seipp.de\/web\/wp-json\/wp\/v2\/pages"}],"about":[{"href":"https:\/\/www.rgs-seipp.de\/web\/wp-json\/wp\/v2\/types\/page"}],"author":[{"embeddable":true,"href":"https:\/\/www.rgs-seipp.de\/web\/wp-json\/wp\/v2\/users\/1"}],"replies":[{"embeddable":true,"href":"https:\/\/www.rgs-seipp.de\/web\/wp-json\/wp\/v2\/comments?post=52"}],"version-history":[{"count":153,"href":"https:\/\/www.rgs-seipp.de\/web\/wp-json\/wp\/v2\/pages\/52\/revisions"}],"predecessor-version":[{"id":1346,"href":"https:\/\/www.rgs-seipp.de\/web\/wp-json\/wp\/v2\/pages\/52\/revisions\/1346"}],"wp:attachment":[{"href":"https:\/\/www.rgs-seipp.de\/web\/wp-json\/wp\/v2\/media?parent=52"}],"curies":[{"name":"wp","href":"https:\/\/api.w.org\/{rel}","templated":true}]}}